{"id":10008,"date":"2012-07-26T20:30:31","date_gmt":"2012-07-26T20:30:31","guid":{"rendered":"http:\/\/namadij.com\/wp\/page-layouts\/home-layout-1"},"modified":"2013-10-17T16:52:16","modified_gmt":"2013-10-17T16:52:16","slug":"home","status":"publish","type":"page","link":"http:\/\/namadij.com\/fr\/","title":{"rendered":"Accueil"},"content":{"rendered":"\r\n\r\n<div class=\"outerOneFourth\">\r\n<div style=\"float: left; width: 19px; margin-right: 3.5%;\"><div class=\"outerImageWrap\" style=\"max-width:30px;margin-left:auto;margin-right:auto;margin-bottom:0px;margin-top:0px;\"><div class=\"imageBorder \" style=\"\"><div class=\"imageWrapper\"><img decoding=\"async\" class=\"responsiveImage\" src=\"http:\/\/themes.curtycurt.com\/images\/inspired\/icon-pencil.png\" alt=\"\" title=\"\" \/><\/div><\/div><\/div><\/div>\r\n<div class=\"innerFiveSixths last\">\r\n<h2>Sites Web<\/h2>\r\n<p class=\"halfBottomMargin\">Avez-vous besoin d'un site internet  qui augmente  vos ventes? Un site web qui fonctionne sur les t\u00e9l\u00e9phones intelligents, les tablettes et les PC!<\/p><br\/>\r\n<p style=\"text-align: center;\"><a class=\"button large rounded light-blue \" href=\".\/contact_web\" target=\"_parent\" >Cliquez ici pour demander une heure de consultation gratuite!<\/a><\/p>\r\n\r\n<\/div><div class=\"clear\"><\/div>\r\n<\/div>\r\n\r\n<div class=\"outerOneFourth\">\r\n<div style=\"float: left; width: 19px; margin-right: 3.5%;\"><div class=\"outerImageWrap\" style=\"max-width:30px;margin-left:auto;margin-right:auto;margin-bottom:0px;margin-top:0px;\"><div class=\"imageBorder \" style=\"\"><div class=\"imageWrapper\"><img decoding=\"async\" class=\"responsiveImage\" src=\"http:\/\/themes.curtycurt.com\/images\/inspired\/icon-bullseye.png\" alt=\"\" title=\"\" \/><\/div><\/div><\/div><\/div>\r\n<div class=\"innerFiveSixths last\">\r\n<h2>Applications Mobiles<\/h2>\r\n<p class=\"halfBottomMargin\">Avez-vous besoin d'une application mobile, sur iPhone ou Android, pour fid\u00e9liser vos clients et fournisseurs et augmenter vos ventes?<\/p><br\/><br\/>\r\n<p style=\"text-align: center;\"><a class=\"button large rounded lightgreen \" href=\".\/contact_mobile\" target=\"_parent\" >Cliquez ici pour demander une heure de consultation gratuite!<\/a><\/p>\r\n<\/div><div class=\"clear\"><\/div>\r\n<\/div>\r\n\r\n<div class=\"outerOneFourth\">\r\n<div style=\"float: left; width: 19px; margin-right: 3.5%;\"><div class=\"outerImageWrap\" style=\"max-width:30px;margin-left:auto;margin-right:auto;margin-bottom:0px;margin-top:0px;\"><div class=\"imageBorder \" style=\"\"><div class=\"imageWrapper\"><img decoding=\"async\" class=\"responsiveImage\" src=\"http:\/\/themes.curtycurt.com\/images\/inspired\/icon-star.png\" alt=\"\" title=\"\" \/><\/div><\/div><\/div><\/div>\r\n<div class=\"innerFiveSixths last\">\r\n<h2>Checklist gratuite<\/h2>\r\n<p class=\"halfBottomMargin\">Gratuitement et sans aucune obligation, vous pouvez t\u00e9l\u00e9charger notre liste de contr\u00f4le pour commencer \u00e0 planifier votre projet maintenant!<\/p><br\/><br\/>\r\n<p style=\"text-align: center;\"><a class=\"button large rounded blue-grey \" href=\".\/contact_download\" target=\"_parent\" >Cliquez ici pour obtenir notre liste de contr\u00f4le et commencez la planification!<\/a><\/p>\r\n<\/div><div class=\"clear\"><\/div>\r\n<\/div>\r\n\r\n<div class=\"outerOneFourth last\">\r\n<div style=\"float: left; width: 19px; margin-right: 3.5%;\"><div class=\"outerImageWrap\" style=\"max-width:30px;margin-left:auto;margin-right:auto;margin-bottom:0px;margin-top:0px;\"><div class=\"imageBorder \" style=\"\"><div class=\"imageWrapper\"><img decoding=\"async\" class=\"responsiveImage\" src=\"http:\/\/themes.curtycurt.com\/images\/inspired\/icon-gear.png\" alt=\"\" title=\"\" \/><\/div><\/div><\/div><\/div>\r\n<div class=\"innerFiveSixths last\">\r\n<h2>Maintenance<\/h2>\r\n<p class=\"halfBottomMargin\">Avez-vous besoin de r\u00e9parer ou ajouter une nouvelle fonctionnalit\u00e9? Ne laissez pas vos affaires bloqu\u00e9es et demandez un devis gratuit maintenant!<\/p><br\/>\r\n<p style=\"text-align: center;\"><a class=\"button large rounded orange \" href=\".\/contact_maintenance\" target=\"_parent\" >Cliquez ici pour<br\/> demander <br\/>un devis gratuit<br\/> sans obligation!<br\/>&nbsp;<\/a><\/p>\r\n<\/div><div class=\"clear\"><\/div>\r\n<\/div><div class=\"clear\"><\/div>\r\n\r\n<!--\r\n[hr toptext=\"\" size=\"medium\" hide_mobile_hr=\"true\"]\r\n<div class=\"outerTwoThirds\">[image url=\"http:\/\/themes.curtycurt.com\/images\/inspired\/plc-hold-med.jpg\" title=\"\" alt=\"\" alignment=\"center\" margin_left=\"0\" margin_right=\"0\" margin_top=\"0\" margin_bottom=\"10\" border=\"smallBorder\" icon=\"link\" shadow=\"7\" link=\"http:\/\/google.com\" target=\"_parent\" width=\"600\" height=\"245\"]\r\n<h3 class=\"special\" style=\"margin-bottom: 5px; font-size: 28px;\">A letter from the president<\/h3>\r\n<p class=\"noBottomMargin\">Lorem ipsum dolor sit amet, consectetur adipiscing elit. Cras laoreet tincidunt justo at vestibulum. Vestibulum eu ante dolor. Sed aliquam tempus ultricies. Pellentesque tempus luctus ipsum. Praesent et mattis quam. Vestibulum in lacus eget ante rutrum sagittis sit amet at lorem. Proin non nibh risus, eget cursus purus. Morbi libero nisi, interdum sit amet commodo at, blandit in arcu. Etiam egestas quam eget odio viverra varius. Duis viverra odio id ante luctus vel ullamcorper ante porta. Suspendisse interdum, mi sit amet pharetra laoreet, nisi elit pulvinar sapien, eget cursus tortor magna sit amet nulla. Nam eu accumsan risus. Mauris ac mauris lacus, at mollis tortor. Donec metus odio, tristique vitae pulvinar at, consectetur quis enim. Morbi accumsan adipiscing tellus nec semper. Maecenas sapien urna, sagittis vitae aliquam eget, porttitor at tellus. Phasellus hendrerit est at lorem tincidunt et pretium velit semper.<\/p>\r\n\r\n<\/div>\r\n<div class=\"outerOneThird last\">\r\n<h3 class=\"special\" style=\"margin-bottom: 20px; font-size: 28px;\">Our Services<\/h3>\r\n<div class=\"innerOneThird\">[image alignment=\"center\" margin_left=\"0\" margin_right=\"0\" margin_top=\"0\" margin_bottom=\"0\" border=\"smallBorder\" url=\"http:\/\/themes.curtycurt.com\/images\/inspired\/plc-hold-small.jpg\" preloader=\"false\" width=\"85\" height=\"76\" ]<\/div>\r\n<div class=\"innerTwoThirds last\">\r\n<div class=\"smallService\">\r\n<h5>Intuitive Options<\/h5>\r\n<p class=\"smallBottomMargin\" style=\"line-height: 19px;\">Lorem ipsum dolor sit amet, consectetur adipiscing elit. Nam non nibh justo, id.<\/p>\r\n\r\n<\/div>\r\n<\/div>\r\n[hr toptext=\"\" size=\"\" custom_size=\"15\" hide_mobile_hr=\"false\"]\r\n<div class=\"innerOneThird\">[image alignment=\"center\" margin_left=\"0\" margin_right=\"0\" margin_top=\"0\" margin_bottom=\"0\" border=\"smallBorder\" url=\"http:\/\/themes.curtycurt.com\/images\/inspired\/plc-hold-small.jpg\" preloader=\"false\" width=\"85\" height=\"76\" ]<\/div>\r\n<div class=\"innerTwoThirds last\">\r\n<div class=\"smallService\">\r\n<h5>Valid HTML 5<\/h5>\r\n<p class=\"smallBottomMargin\" style=\"line-height: 19px;\">Lorem ipsum dolor sit amet, consectetur adipiscing elit. Nam non nibh justo, id.<\/p>\r\n\r\n<\/div>\r\n<\/div>\r\n[hr toptext=\"\" size=\"\" custom_size=\"15\" hide_mobile_hr=\"false\"]\r\n<div class=\"innerOneThird\">[image alignment=\"center\" margin_left=\"0\" margin_right=\"0\" margin_top=\"0\" margin_bottom=\"0\" border=\"smallBorder\" url=\"http:\/\/themes.curtycurt.com\/images\/inspired\/plc-hold-small.jpg\" preloader=\"false\" width=\"85\" height=\"76\" ]<\/div>\r\n<div class=\"innerTwoThirds last\">\r\n<div class=\"smallService\">\r\n<h5>Translation Ready<\/h5>\r\n<p class=\"smallBottomMargin\" style=\"line-height: 19px;\">Lorem ipsum dolor sit amet, consectetur adipiscing elit. Nam non nibh justo, id.<\/p>\r\n\r\n<\/div>\r\n<\/div>\r\n[hr toptext=\"\" size=\"\" custom_size=\"15\" hide_mobile_hr=\"false\"]\r\n<div class=\"innerOneThird\">[image alignment=\"center\" margin_left=\"0\" margin_right=\"0\" margin_top=\"0\" margin_bottom=\"0\" border=\"smallBorder\" url=\"http:\/\/themes.curtycurt.com\/images\/inspired\/plc-hold-small.jpg\" preloader=\"false\" width=\"85\" height=\"76\" ]<\/div>\r\n<div class=\"innerTwoThirds last\">\r\n<div class=\"smallService\">\r\n<h5>Amazing Documentation<\/h5>\r\n<p class=\"smallBottomMargin\" style=\"line-height: 19px;\">Lorem ipsum dolor sit amet, consectetur adipiscing elit. Nam non nibh justo, id.<\/p>\r\n\r\n<\/div>\r\n<\/div>\r\n[hr toptext=\"\" size=\"\" custom_size=\"15\" hide_mobile_hr=\"true\"]\r\n\r\n<\/div>\r\n<div class=\"clear\"><\/div>\r\n<p>&#8211;><\/p>\n","protected":false},"excerpt":{"rendered":"","protected":false},"author":1,"featured_media":0,"parent":0,"menu_order":0,"comment_status":"open","ping_status":"open","template":"","meta":{"footnotes":""},"class_list":["post-10008","page","type-page","status-publish","hentry"],"aioseo_notices":[],"_links":{"self":[{"href":"http:\/\/namadij.com\/fr\/wp-json\/wp\/v2\/pages\/10008","targetHints":{"allow":["GET"]}}],"collection":[{"href":"http:\/\/namadij.com\/fr\/wp-json\/wp\/v2\/pages"}],"about":[{"href":"http:\/\/namadij.com\/fr\/wp-json\/wp\/v2\/types\/page"}],"author":[{"embeddable":true,"href":"http:\/\/namadij.com\/fr\/wp-json\/wp\/v2\/users\/1"}],"replies":[{"embeddable":true,"href":"http:\/\/namadij.com\/fr\/wp-json\/wp\/v2\/comments?post=10008"}],"version-history":[{"count":63,"href":"http:\/\/namadij.com\/fr\/wp-json\/wp\/v2\/pages\/10008\/revisions"}],"predecessor-version":[{"id":10760,"href":"http:\/\/namadij.com\/fr\/wp-json\/wp\/v2\/pages\/10008\/revisions\/10760"}],"wp:attachment":[{"href":"http:\/\/namadij.com\/fr\/wp-json\/wp\/v2\/media?parent=10008"}],"curies":[{"name":"wp","href":"https:\/\/api.w.org\/{rel}","templated":true}]}}