{"id":10420,"date":"2013-09-30T16:07:42","date_gmt":"2013-09-30T16:07:42","guid":{"rendered":"http:\/\/namadij.com\/wp\/?page_id=10420"},"modified":"2013-10-18T19:21:10","modified_gmt":"2013-10-18T19:21:10","slug":"vie-privee","status":"publish","type":"page","link":"http:\/\/namadij.com\/fr\/vie-privee","title":{"rendered":"Vie priv\u00e9e"},"content":{"rendered":"<p style=\"text-align: center;\"><strong>POLITIQUE DE PROTECTION DE VIE PRIV\u00c9E<\/strong><\/p>\n<p>L\u2019internet est un outil extraordinaire. Il a le pouvoir de changer la mani\u00e8re dont nous vivons et nous constatons d\u00e9j\u00e0 ce potentiel. Avec quelques clics de souris, vous pouvez suivre les nouvelles, acheter des biens et services, et communiquer des internautes venant de tous les coins du monde. Il est important pour Solution3P d\u2019aider nos clients \u00e0 garder leur vie priv\u00e9e lorsqu\u2019ils b\u00e9n\u00e9ficient des avantages que l\u2019internet offre.<\/p>\n<p>Pour prot\u00e9ger votre vie priv\u00e9e, Solution3P suit diff\u00e9rents principes en accord avec les pratiques mondiales en mati\u00e8re de protection de la vie priv\u00e9e et des informations des clients.<\/p>\n<p style=\"padding-left: 30px;\">* Nous ne vendrons ni ne donnerons votre nom, votre adresse, votre num\u00e9ro de t\u00e9l\u00e9phone, votre adresse \u00e9lectronique, votre num\u00e9ro de carte de cr\u00e9dit ou quelque autre information \u00e0 aucune tierce partie.<\/p>\n<p style=\"padding-left: 30px;\">* Nous utiliserons des mesures de s\u00e9curit\u00e9 modernes pour prot\u00e9ger vos informations des utilisateurs non autoris\u00e9s<\/p>\n<p><b>INFORMATIONS PERSONNELLES<\/b><\/p>\n<p>Nous vous demanderons vos informations personnelles si nous avons besoin de vous identifier personnellement ou si nous avons besoin de vous contacter. G\u00e9n\u00e9ralement, ces informations sont demand\u00e9es lorsque vous cr\u00e9ez un identifiant pour votre inscription sur www.namadij.com ou lorsque vous t\u00e9l\u00e9chargez un logiciel libre, participez \u00e0 un concours, commandez un bulletin d\u2019information \u00e9lectronique, ou adh\u00e9rez \u00e0 un site privil\u00e9gi\u00e9 \u00e0 acc\u00e8s limit\u00e9. Nous utilisons vos informations personnelles \u00e0 quatre fins principales:<\/p>\n<p style=\"padding-left: 30px;\">* Pour rendre www.namadij.com facile \u00e0 utiliser parce que vous n\u2019aurez pas besoin d\u2019entrer vos informations plus d\u2019une fois.<\/p>\n<p style=\"padding-left: 30px;\">* Vous aider \u00e0 trouver plus facilement les logiciels, les services et les informations.<\/p>\n<p style=\"padding-left: 30px;\">* Nous aider \u00e0 cr\u00e9er un contenu plus ad\u00e9quat pour vous.<\/p>\n<p style=\"padding-left: 30px;\">* Pour vous informer des mises \u00e0 jour de produits, des offres sp\u00e9ciales, des informations mises \u00e0 jour et des autres nouveaux services provenant de Solution3P<\/p>\n<p><b>CONSENTEMENT<\/b><\/p>\n<p>Si vous choisissez de ne pas enregistrer ou fournir vos informations personnelles, vous pouvez quand m\u00eame continuer d\u2019utiliser www.namadij.com. Mais vous ne pourrez acc\u00e9der aux zones qui n\u00e9cessitent une inscription.<\/p>\n<p>Si vous choisissez de vous inscrire, vous serez \u00e0 m\u00eame de choisir les types d\u2019informations que vous aimeriez recevoir de nous en vous inscrivant \u00e0 divers services comme notre bulletin d\u2019informations \u00e9lectronique. Si vous ne souhaitez pas communiquer avec nous par courriel, courrier postal ou t\u00e9l\u00e9phone au sujet de l\u2019une des autres offres relatives aux produits, aux programmes, aux \u00e9v\u00e9nements ou aux services de Solution3P, vous pouvez choisir l\u2019option stipulant que vous ne d\u00e9sirez pas recevoir de messages marketing de Solution3P.<\/p>\n<p>Solution3P autorise de temps en temps d\u2019autres entreprises \u00e0 envoyer des informations sur leurs produits et services \u00e0 nos clients inscrits, mais en utilisant le courrier postal seulement. Si vous ne d\u00e9sirez pas recevoir de telles offres, vous pouvez choisir l\u2019option stipulant que vous ne d\u00e9sirez pas recevoir des messages marketing de tierces parties.<\/p>\n<p><b>ACC\u00c8S<\/b><\/p>\n<p>Nous mettons \u00e0 votre disposition des moyens pour vous assurer de la justesse de vos informations personnelles. Vous aurez la possibilit\u00e9 de revoir et de mettre \u00e0 jour les informations \u00e0 tout moment au centre des visiteurs. \u00c0 cet endroit, vous avez la possibilit\u00e9 de\u00a0:<\/p>\n<p>* Voir et modifier les informations personnelles que vous nous avez d\u00e9j\u00e0 donn\u00e9es.<\/p>\n<p>* Nous dire si vous souhaitez que nous vous envoyions des informations marketing ou si vous souhaitez que des tierces parties vous envoient leurs offres par la poste.<\/p>\n<p>* Vous inscrire au bulletin d\u2019information \u00e9lectronique sur nos produits et services<\/p>\n<p>* Vous inscrire. Une fois que vous serez inscrit, vous n\u2019avez plus \u00e0 nous donner vos informations. Partout o\u00f9 vous irez sur www.namadij.com, vos informations vous suivront.<\/p>\n<p><b>S\u00c9CURIT\u00c9<\/b><\/p>\n<p>Solution3P a pris de mesures importantes pour assurer la s\u00e9curit\u00e9 de vos informations personnelles et s\u2019assurer que votre choix quant \u00e0 leur utilisation est respect\u00e9. Nous prenons des dispositions ad\u00e9quates pour prot\u00e9ger vos donn\u00e9es de la perte, de leur mauvaise utilisation, de l\u2019acc\u00e8s non autoris\u00e9 ou de la divulgation, de leur changement ou de leur destruction.<\/p>\n<p>Nous garantissons la s\u00e9curit\u00e9 de vos op\u00e9rations de commerce \u00e9lectronique \u00e0 100 %. Lorsque vous passez commande ou acc\u00e9dez aux informations de votre compte personnel, vous utilisez un serveur s\u00e9curis\u00e9 avec le logiciel SSL, qui crypte vos informations personnelles avant qu\u2019elles ne soient envoy\u00e9es par internet. SSL est l\u2019une des technologies de cryptage les plus s\u00e9curitaires qui existent.<\/p>\n<p>Solution3P prot\u00e8ge strictement la s\u00e9curit\u00e9 de vos informations personnelles et respecte vos choix quant \u00e0 l\u2019utilisation qui peut en \u00eatre faite. Nous prot\u00e9geons soigneusement vos donn\u00e9es de toute perte, mauvaise utilisation, acc\u00e8s non autoris\u00e9 ou de la divulgation, de la modification ou de la destruction<\/p>\n<p>Vos informations personnelles ne seront jamais \u00e9chang\u00e9es avec les autres compagnies sans votre autorisation, sauf dans les conditions pr\u00e9cis\u00e9es ci-dessus. Au sein de notre compagnie, les donn\u00e9es sont stock\u00e9es dans un serveur prot\u00e9g\u00e9 par un mot de passe avec un acc\u00e8s limit\u00e9. Vos informations peuvent \u00eatre stock\u00e9es ou trait\u00e9es au CANADA ou tout autre pays o\u00f9 Solution3P, ses filiales, affili\u00e9es ou agents se trouvent.<\/p>\n<p>Vous avez \u00e9galement une responsabilit\u00e9 tr\u00e8s importante dans la protection de vos informations. Personne ne peut voir ni modifier vos informations personnelles si elle ne conna\u00eet pas votre nom d\u2019utilisateur et votre mot de passe\u00a0; alors, ne les donnez \u00e0 personne.<\/p>\n<p><b>AVIS AUX PARENTS<\/b><\/p>\n<p>Chers parents et gardiens: nous voulons vous aider \u00e0 prot\u00e9ger la vie priv\u00e9e de vos enfants. Nous vous encourageons \u00e0 sensibiliser vos enfants quant \u00e0 une utilisation s\u00e9curis\u00e9e et responsable de leurs informations personnelles lorsqu\u2019ils utilisent internet.<\/p>\n<p>Le site web www.namadij.com de la compagnie Solution3P n\u2019affiche pas des contenus destin\u00e9s aux enfants.<\/p>\n<p><b>APPLICATION<\/b><\/p>\n<p>Si pour quelque raison que ce soit vous pensez que Solution3P\u00a0 n\u2019a pas adh\u00e9r\u00e9 \u00e0 ces principes, nous vous prions de le notifier \u00e0 privacy@namadij.com. Nous ferons alors de notre mieux pour d\u00e9terminer et corriger le probl\u00e8me aussit\u00f4t. N\u2019oubliez pas de mettre \u201d Protection de la vie priv\u00e9e\u201d\u00a0 comme objet.<\/p>\n<p><b>DE L\u2019ENREGISTREMENT \u00c9LECTRONIQUE DE PRODUIT<\/b><\/p>\n<p>Lorsque vous achetez et installez un nouveau produit, nous pouvons vous demander d\u2019enregistrer \u00e9lectroniquement votre achat. Lorsque vous faites cet enregistrement, nous ajoutons ces informations \u00e0 celles que vous nous avez d\u00e9j\u00e0 fournies. Si vous n\u2019\u00eates pas pr\u00e9alablement enregistr\u00e9 chez nous, nous cr\u00e9ons un profil personnel \u00e0 partir des informations que vous inscrivez lors de l\u2019achat du produit. Si vous voulez \u00e0 un moment donn\u00e9, voir ou mettre \u00e0 jour vos informations, vous pouvez visiter le centre de profils et cliquer sur <i>Mettre \u00e0 jour mon profil<\/i>. Si vous n\u2019avez pas encore cr\u00e9\u00e9 un identifiant, pri\u00e8re de le faire afin seul vous puissiez acc\u00e9der \u00e0 vos informations.<\/p>\n<p><b>PROFILS DES CLIENTS<\/b><\/p>\n<p>Comme mentionn\u00e9 ci-dessus, tout client inscrit a un profil unique. Il est attribu\u00e9 \u00e0 chaque profil un num\u00e9ro unique d\u2019indentification personnelle, qui nous permet de nous assurer de ce qu\u2019il n\u2019y a que vous qui pouvez acc\u00e9der \u00e0 votre profil.<\/p>\n<p>Lorsque vous vous inscrivez,\u00a0 nous cr\u00e9ons votre profil vous accordant un num\u00e9ro d\u2019identification personnelle, et envoyons votre num\u00e9ro d\u2019identification sur votre disque dur sous forme de t\u00e9moin et ce code n\u2019est attribu\u00e9 qu\u2019\u00e0 vous seul. Voil\u00e0 votre passeport pour naviguer sans difficult\u00e9 sur www.namadij.com, vous pouvez alors t\u00e9l\u00e9charger des logiciels gratuits, commander des bulletins d\u2019information gratuits, et visiter les zones r\u00e9serv\u00e9es du site sans avoir \u00e0 remplir un formulaire avec des informations que vous avez d\u00e9j\u00e0 fournies. M\u00eame si vous changez d\u2019ordinateur, vous n\u2019aurez plus \u00e0 vous inscrire \u00e0 nouveau \u2013 utilisez tout simplement votre identifiant pour vous identifier.<\/p>\n<p><strong>utilisation des informations personnelles<\/strong><\/p>\n<p>Lorsque vous vous inscrivez chez nous, vous fournissez des informations sur vos contacts, dont votre nom et votre adresse courriel. Nous utilisons ces informations pour vous envoyer des nouvelles sur vos commandes, des questionnaires pour \u00e9valuer votre satisfaction par rapport \u00e0 nos services et des annonces sur les nouveaux services sp\u00e9ciaux que nous offrons. Lorsque vous passez une commande chez nous, nous vous demandons votre num\u00e9ro de carte de cr\u00e9dit et votre adresse de facturation. Nous n\u2019utilisons ces informations que pour facturer les produits que vous commandez \u00e0 ce moment-l\u00e0. Nous conservons les informations sur votre facturation si jamais vous souhaitiez commander \u00e0 nouveau chez nous\u00a0; mais nous n\u2019utiliserons pas ces informations \u00e0\u00a0 nouveau sans votre autorisation.<\/p>\n<p>Nous demandons de temps en temps \u00e0 d\u2019autres compagnies d\u2019assurer des services limit\u00e9s en notre nom, dont l\u2019emballage, l\u2019envoi et la livraison de commandes, la r\u00e9ponse aux questions des clients sur nos produits et service, l\u2019envoi de courrier postal et le traitement des inscriptions \u00e0 ces \u00e9v\u00e9nements. Nous fournissons \u00e0 ces compagnies les informations dont elles ont besoin pour assurer ces services, et leur interdisons d\u2019utiliser ces informations \u00e0 quelque autre fin.<\/p>\n<p>Solution3P\u00a0 peut divulguer vos informations, sans pr\u00e9avis, si la loi l\u2019exige ou si de bonne foi, elle juge un tel acte est n\u00e9cessaire pour prot\u00e9ger et d\u00e9fendre les droits ou la propri\u00e9t\u00e9 de\u00a0 Solution3P et sa famille de site internet et (c) agir dans des circonstances d\u2019urgence pour assurer la s\u00e9curit\u00e9 personnelle des visiteurs de\u00a0 Solution3P, de ses sites et du public.<\/p>\n<p style=\"text-align: center;\">\n","protected":false},"excerpt":{"rendered":"<p>POLITIQUE DE PROTECTION DE VIE PRIV\u00c9E L\u2019internet est un outil extraordinaire. Il a le pouvoir de changer la mani\u00e8re dont nous vivons et nous constatons d\u00e9j\u00e0 ce potentiel. Avec quelques clics de souris, vous pouvez suivre les nouvelles, acheter des biens et services, et communiquer des internautes venant de tous les coins du monde. Il&#8230;<\/p>\n","protected":false},"author":1,"featured_media":0,"parent":0,"menu_order":0,"comment_status":"open","ping_status":"open","template":"","meta":{"footnotes":""},"class_list":["post-10420","page","type-page","status-publish","hentry"],"aioseo_notices":[],"_links":{"self":[{"href":"http:\/\/namadij.com\/fr\/wp-json\/wp\/v2\/pages\/10420","targetHints":{"allow":["GET"]}}],"collection":[{"href":"http:\/\/namadij.com\/fr\/wp-json\/wp\/v2\/pages"}],"about":[{"href":"http:\/\/namadij.com\/fr\/wp-json\/wp\/v2\/types\/page"}],"author":[{"embeddable":true,"href":"http:\/\/namadij.com\/fr\/wp-json\/wp\/v2\/users\/1"}],"replies":[{"embeddable":true,"href":"http:\/\/namadij.com\/fr\/wp-json\/wp\/v2\/comments?post=10420"}],"version-history":[{"count":5,"href":"http:\/\/namadij.com\/fr\/wp-json\/wp\/v2\/pages\/10420\/revisions"}],"predecessor-version":[{"id":10787,"href":"http:\/\/namadij.com\/fr\/wp-json\/wp\/v2\/pages\/10420\/revisions\/10787"}],"wp:attachment":[{"href":"http:\/\/namadij.com\/fr\/wp-json\/wp\/v2\/media?parent=10420"}],"curies":[{"name":"wp","href":"https:\/\/api.w.org\/{rel}","templated":true}]}}