{"id":10429,"date":"2013-09-30T16:38:57","date_gmt":"2013-09-30T16:38:57","guid":{"rendered":"http:\/\/namadij.com\/wp\/?page_id=10429"},"modified":"2013-10-19T04:16:42","modified_gmt":"2013-10-19T04:16:42","slug":"approche","status":"publish","type":"page","link":"http:\/\/namadij.com\/fr\/approche","title":{"rendered":"Approche"},"content":{"rendered":"<h1 class=\"special\" style=\"font-size: 34px; text-align: center;\">Notre approche<\/h1>\n<h3 style=\"text-align: center;\">M\u00e9thodologie en 6 \u00e9tapes pour livrer des sites web et applications mobiles qui g\u00e9n\u00e8rent de la valeur pour vos affaires<\/h3>\n<div class=\"outerImageWrap\" style=\"max-width:406px;margin-left:auto;margin-right:auto;margin-bottom:0px;margin-top:10px;\">\n<div class=\"imageBorder smallBorder\" style=\"\">\n<div class=\"imageWrapper\"><img decoding=\"async\" class=\"responsiveImage\" src=\".\/wp-content\/uploads\/2013\/10\/Approach-fr-406x497.jpg\" alt=\"\" title=\"\" \/><span class=\"imagePreloader\" style=\"position:absolute;top:0px;width:100%;height:100%;overflow:hidden;\"><\/span><\/div>\n<\/div>\n<div class=\"imageShadow\" style=\"max-width:406px;display:block;\"><img decoding=\"async\" class=\"imageShadow\" src=\"http:\/\/namadij.com\/fr\/wp-content\/themes\/inspired\/images\/shadows\/shadow7.png\" alt=\"\" title=\"\" \/><\/div>\n<\/div>\n<p><\/p>\n<p class=\"noBottomMargin\">Nous vous offrons <span style=\"background-color:#fcff00; color:#000000 !important;padding-left:3px;padding-right:3px;padding-top:1px;padding-bottom:1px;\">1 heure de consultation gratuite<\/span>\u00a0pour vous aider \u00e0 d\u00e9marrer votre projet de site web ou application mobile. Nous voulons offrir quelque chose qui r\u00e9pond \u00e0 vos attentes. C&#8217;est pourquoi nous ne manquons pas les \u00e9tapes. Notre approche se base sur une m\u00e9thodologie de gestion de projet en 6 \u00e9tapes. Pendant les 2 premi\u00e8res \u00e9tapes, l&#8217;analyse des besoins et la planification, nos consultants exp\u00e9riment\u00e9s travaillent avec vous pour b\u00e2tir un plan clair qui montre tous les livrables, les d\u00e9lais ainsi que le co\u00fbt pr\u00e9vu pour livrer un site web ou une application mobile qui g\u00e9n\u00e8re de la valeur pour votre entreprise. Ceci en s\u2019assurant que nous ne manquons pas les points essentiels tels que:<\/p>\n<li>Identifier les bons mots cl\u00e9s pour un meilleur SEO, Search Engine Optimisation<\/li>\n<li>Une conception professionnelle en ad\u00e9quation avec votre image de marque<\/li>\n<li>Un site web \u2018Responsive\u2019<\/li>\n<li>Un contenu qui met en valeur votre solution qui r\u00e9pond aux besoins de vos clients. Un contenu qui appelle aux  actions et qui facilite la g\u00e9n\u00e9ration de leads<\/li>\n<h2 style=\"text-align: center;\">Appelez-nous maintenant!<\/h2>\n<h2 style=\"text-align: center;\"><span style=\"background-color:#fcff00; color:#000000 !important;padding-left:3px;padding-right:3px;padding-top:1px;padding-bottom:1px;\"><br \/>1-514-386-8356<\/span><\/h2>\n<p style=\"text-align: center;\"><a class=\"button large rounded blue \" href=\".\/contact\" target=\"_parent\" >Cliquez ici pour demander<br \/> une heure de consultation gratuite!<\/a><\/p>\n","protected":false},"excerpt":{"rendered":"<p>Notre approche M\u00e9thodologie en 6 \u00e9tapes pour livrer des sites web et applications mobiles qui g\u00e9n\u00e8rent de la valeur pour vos affaires Nous vous offrons \u00a0pour vous aider \u00e0 d\u00e9marrer votre projet de site web ou application mobile. Nous voulons offrir quelque chose qui r\u00e9pond \u00e0 vos attentes. C&#8217;est pourquoi nous ne manquons pas les&#8230;<\/p>\n","protected":false},"author":1,"featured_media":0,"parent":0,"menu_order":0,"comment_status":"open","ping_status":"open","template":"","meta":{"footnotes":""},"class_list":["post-10429","page","type-page","status-publish","hentry"],"aioseo_notices":[],"_links":{"self":[{"href":"http:\/\/namadij.com\/fr\/wp-json\/wp\/v2\/pages\/10429","targetHints":{"allow":["GET"]}}],"collection":[{"href":"http:\/\/namadij.com\/fr\/wp-json\/wp\/v2\/pages"}],"about":[{"href":"http:\/\/namadij.com\/fr\/wp-json\/wp\/v2\/types\/page"}],"author":[{"embeddable":true,"href":"http:\/\/namadij.com\/fr\/wp-json\/wp\/v2\/users\/1"}],"replies":[{"embeddable":true,"href":"http:\/\/namadij.com\/fr\/wp-json\/wp\/v2\/comments?post=10429"}],"version-history":[{"count":78,"href":"http:\/\/namadij.com\/fr\/wp-json\/wp\/v2\/pages\/10429\/revisions"}],"predecessor-version":[{"id":10791,"href":"http:\/\/namadij.com\/fr\/wp-json\/wp\/v2\/pages\/10429\/revisions\/10791"}],"wp:attachment":[{"href":"http:\/\/namadij.com\/fr\/wp-json\/wp\/v2\/media?parent=10429"}],"curies":[{"name":"wp","href":"https:\/\/api.w.org\/{rel}","templated":true}]}}