{"id":10533,"date":"2013-10-02T01:13:55","date_gmt":"2013-10-02T01:13:55","guid":{"rendered":"http:\/\/namadij.com\/wp\/?page_id=10533"},"modified":"2013-10-19T05:02:02","modified_gmt":"2013-10-19T05:02:02","slug":"contact","status":"publish","type":"page","link":"http:\/\/namadij.com\/fr\/contact","title":{"rendered":"Contact"},"content":{"rendered":"<div class=\"outerOneHalf\">\n<p>Appelez-nous: 1-514-386-8356<br \/>Ou envoyez-nous un courriel: contact@namadij.com<\/p>\n<p><img decoding=\"async\" src=\".\/wp-content\/uploads\/2013\/10\/contact-400x400.jpg\" alt=\"Contact namadij.com pour sites web et applications mobiles\" \/>\n<\/div>\n<div class=\"outerOneHalf last\">\n<P>N&#8217;h\u00e9sitez pas \u00e0 nous envoyer vos demandes concernant les sites web et applications mobiles.<br \/> <br \/>\nAussi n&#8217;h\u00e9sitez pas \u00e0  nous envoyer vos questions, commentaires ou m\u00eame vos critiques; parce que nous sommes dispos\u00e9s \u00e0 apprendre de nos erreurs afin de mieux servir nos clients.<\/p>\n<div class=\"wpcf7 no-js\" id=\"wpcf7-f10528-o1\" lang=\"en-US\" dir=\"ltr\" data-wpcf7-id=\"10528\">\n<div class=\"screen-reader-response\">\n<p role=\"status\" aria-live=\"polite\" aria-atomic=\"true\">\n<ul><\/ul>\n<\/div>\n<form action=\"\/fr\/wp-json\/wp\/v2\/pages\/10533#wpcf7-f10528-o1\" method=\"post\" class=\"wpcf7-form init\" aria-label=\"Contact form\" novalidate=\"novalidate\" data-status=\"init\">\n<fieldset class=\"hidden-fields-container\"><input type=\"hidden\" name=\"_wpcf7\" value=\"10528\" \/><input type=\"hidden\" name=\"_wpcf7_version\" value=\"6.1.4\" \/><input type=\"hidden\" name=\"_wpcf7_locale\" value=\"en_US\" \/><input type=\"hidden\" name=\"_wpcf7_unit_tag\" value=\"wpcf7-f10528-o1\" \/><input type=\"hidden\" name=\"_wpcf7_container_post\" value=\"0\" \/><input type=\"hidden\" name=\"_wpcf7_posted_data_hash\" value=\"\" \/><br \/>\n<\/fieldset>\n<p><span class=\"wpcf7-form-control-wrap\" data-name=\"text-157\"><input size=\"20\" maxlength=\"400\" class=\"wpcf7-form-control wpcf7-text\" aria-invalid=\"false\" placeholder=\"Nom\" value=\"\" type=\"text\" name=\"text-157\" \/><\/span>\n<\/p>\n<p><span class=\"wpcf7-form-control-wrap\" data-name=\"your-email\"><input size=\"20\" maxlength=\"400\" class=\"wpcf7-form-control wpcf7-email wpcf7-validates-as-required wpcf7-text wpcf7-validates-as-email\" aria-required=\"true\" aria-invalid=\"false\" placeholder=\"Courriel\" value=\"\" type=\"email\" name=\"your-email\" \/><\/span>\n<\/p>\n<p><span class=\"wpcf7-form-control-wrap\" data-name=\"tel\"><input size=\"15\" maxlength=\"400\" class=\"wpcf7-form-control wpcf7-tel wpcf7-text wpcf7-validates-as-tel\" aria-invalid=\"false\" placeholder=\"T\u00e9l\u00e9phone\" value=\"\" type=\"tel\" name=\"tel\" \/><\/span>\n<\/p>\n<p><span class=\"wpcf7-form-control-wrap\" data-name=\"your-message\"><textarea cols=\"20\" rows=\"5\" maxlength=\"2000\" class=\"wpcf7-form-control wpcf7-textarea\" aria-invalid=\"false\" placeholder=\"Message\" name=\"your-message\"><\/textarea><\/span>\n<\/p>\n<p><input type=\"hidden\" name=\"_wpcf7_captcha_challenge_captcha_namadij\" value=\"3079879990\" \/><img loading=\"lazy\" decoding=\"async\" class=\"wpcf7-form-control wpcf7-captchac wpcf7-captcha-captcha_namadij\" width=\"84\" height=\"28\" alt=\"captcha\" src=\"http:\/\/namadij.com\/fr\/wp-content\/uploads\/wpcf7_captcha\/3079879990.png\" \/><br \/>\n<span class=\"wpcf7-form-control-wrap\" data-name=\"captcha_namadij\"><input size=\"10\" class=\"wpcf7-form-control wpcf7-captchar\" autocomplete=\"off\" aria-invalid=\"false\" value=\"\" type=\"text\" name=\"captcha_namadij\" \/><\/span>\n<\/p>\n<p><input class=\"wpcf7-form-control wpcf7-submit has-spinner\" type=\"submit\" value=\"Send\" \/>\n<\/p>\n<div class=\"wpcf7-response-output\" aria-hidden=\"true\"><\/div>\n<\/form>\n<\/div>\n<\/div>\n<div class=\"clear\"><\/div>\n","protected":false},"excerpt":{"rendered":"","protected":false},"author":2,"featured_media":0,"parent":0,"menu_order":0,"comment_status":"open","ping_status":"open","template":"","meta":{"footnotes":""},"class_list":["post-10533","page","type-page","status-publish","hentry"],"aioseo_notices":[],"_links":{"self":[{"href":"http:\/\/namadij.com\/fr\/wp-json\/wp\/v2\/pages\/10533","targetHints":{"allow":["GET"]}}],"collection":[{"href":"http:\/\/namadij.com\/fr\/wp-json\/wp\/v2\/pages"}],"about":[{"href":"http:\/\/namadij.com\/fr\/wp-json\/wp\/v2\/types\/page"}],"author":[{"embeddable":true,"href":"http:\/\/namadij.com\/fr\/wp-json\/wp\/v2\/users\/2"}],"replies":[{"embeddable":true,"href":"http:\/\/namadij.com\/fr\/wp-json\/wp\/v2\/comments?post=10533"}],"version-history":[{"count":13,"href":"http:\/\/namadij.com\/fr\/wp-json\/wp\/v2\/pages\/10533\/revisions"}],"predecessor-version":[{"id":10795,"href":"http:\/\/namadij.com\/fr\/wp-json\/wp\/v2\/pages\/10533\/revisions\/10795"}],"wp:attachment":[{"href":"http:\/\/namadij.com\/fr\/wp-json\/wp\/v2\/media?parent=10533"}],"curies":[{"name":"wp","href":"https:\/\/api.w.org\/{rel}","templated":true}]}}