{"id":10609,"date":"2013-10-10T15:11:21","date_gmt":"2013-10-10T15:11:21","guid":{"rendered":"http:\/\/namadij.com\/wp\/?page_id=10609"},"modified":"2013-10-21T04:10:43","modified_gmt":"2013-10-21T04:10:43","slug":"carrieres","status":"publish","type":"page","link":"http:\/\/namadij.com\/fr\/carrieres","title":{"rendered":"carrieres"},"content":{"rendered":"<div class=\"outerOneHalf\">\n<h2>Rejoignez une \u00e9quipe gagnante<br \/>et d\u00e9veloppez vos comp\u00e9tences chaque jour<\/h2>\n<p><img decoding=\"async\" src=\".\/wp-content\/uploads\/2013\/10\/Team-work2-500x375.jpg\" alt=\"Namadij ressources humaines - sites web et applications mobiles\" \/><\/p>\n<h2>Construisez des solutions de valeur avec un travail d&#8217;\u00e9quipe!<\/h2>\n<p><img decoding=\"async\" src=\".\/wp-content\/uploads\/2013\/10\/Team-work-500x500.jpg\" alt=\"Namadij team work\" \/><\/p>\n<p><\/p>\n<h2>Augmentez votre r\u00e9ussite professionnelle!<\/h2>\n<p><img decoding=\"async\" src=\".\/wp-content\/uploads\/2013\/10\/Career-success-500x391.jpg\" alt=\"Namadij carri\u00e8re r\u00e9ussie\" \/><\/p>\n<h2>Pratiquez vos comp\u00e9tences!<\/h2>\n<p><img decoding=\"async\" src=\".\/wp-content\/uploads\/2013\/10\/Career-success2-322x467.jpg\" alt=\"Namadij Comp\u00e9tences et r\u00e9ussite\" \/>\n<\/div>\n<div class=\"outerOneHalf last\">\n<h2>Nous voulons vous connaitre<\/h2>\n<h4>Chez Namadij, nous sommes continuellement \u00e0 la recherche de nouveaux talents pour d\u00e9velopper notre \u00e9quipe dynamique. <br \/>Si vous \u00eates passionn\u00e9 par le developpement de sites web et \/ ou d&#8217;applications mobiles, nous nous r\u00e9jouissons de vous rencontrer!<\/h4>\n<p><\/p>\n<div class=\"wpcf7 no-js\" id=\"wpcf7-f10608-o1\" lang=\"en-US\" dir=\"ltr\" data-wpcf7-id=\"10608\">\n<div class=\"screen-reader-response\">\n<p role=\"status\" aria-live=\"polite\" aria-atomic=\"true\">\n<ul><\/ul>\n<\/div>\n<form action=\"\/fr\/wp-json\/wp\/v2\/pages\/10609#wpcf7-f10608-o1\" method=\"post\" class=\"wpcf7-form init\" aria-label=\"Contact form\" novalidate=\"novalidate\" data-status=\"init\">\n<fieldset class=\"hidden-fields-container\"><input type=\"hidden\" name=\"_wpcf7\" value=\"10608\" \/><input type=\"hidden\" name=\"_wpcf7_version\" value=\"6.1.4\" \/><input type=\"hidden\" name=\"_wpcf7_locale\" value=\"en_US\" \/><input type=\"hidden\" name=\"_wpcf7_unit_tag\" value=\"wpcf7-f10608-o1\" \/><input type=\"hidden\" name=\"_wpcf7_container_post\" value=\"0\" \/><input type=\"hidden\" name=\"_wpcf7_posted_data_hash\" value=\"\" \/><br \/>\n<\/fieldset>\n<h2>Informations Personnelles<br \/>\n<\/h2>\n<p><span class=\"wpcf7-form-control-wrap\" data-name=\"your-FirstName\"><input size=\"25\" maxlength=\"400\" class=\"wpcf7-form-control wpcf7-text wpcf7-validates-as-required\" aria-required=\"true\" aria-invalid=\"false\" placeholder=\"Pr\u00e9nom *\" value=\"\" type=\"text\" name=\"your-FirstName\" \/><\/span>\n<\/p>\n<p><span class=\"wpcf7-form-control-wrap\" data-name=\"your-LastName\"><input size=\"25\" maxlength=\"400\" class=\"wpcf7-form-control wpcf7-text wpcf7-validates-as-required\" aria-required=\"true\" aria-invalid=\"false\" placeholder=\"Nom *\" value=\"\" type=\"text\" name=\"your-LastName\" \/><\/span>\n<\/p>\n<p><span class=\"wpcf7-form-control-wrap\" data-name=\"your-Address\"><input size=\"25\" maxlength=\"400\" class=\"wpcf7-form-control wpcf7-text wpcf7-validates-as-required\" aria-required=\"true\" aria-invalid=\"false\" placeholder=\"Adresse (No., rue, appt) *\" value=\"\" type=\"text\" name=\"your-Address\" \/><\/span>\n<\/p>\n<p><span class=\"wpcf7-form-control-wrap\" data-name=\"your-City\"><input size=\"25\" maxlength=\"400\" class=\"wpcf7-form-control wpcf7-text wpcf7-validates-as-required\" aria-required=\"true\" aria-invalid=\"false\" placeholder=\"Ville *\" value=\"\" type=\"text\" name=\"your-City\" \/><\/span>\n<\/p>\n<p><span class=\"wpcf7-form-control-wrap\" data-name=\"your-Province\"><input size=\"25\" maxlength=\"400\" class=\"wpcf7-form-control wpcf7-text wpcf7-validates-as-required\" aria-required=\"true\" aria-invalid=\"false\" placeholder=\"Province *\" value=\"\" type=\"text\" name=\"your-Province\" \/><\/span>\n<\/p>\n<p><span class=\"wpcf7-form-control-wrap\" data-name=\"your-PostalCode\"><input size=\"15\" maxlength=\"400\" class=\"wpcf7-form-control wpcf7-text wpcf7-validates-as-required\" aria-required=\"true\" aria-invalid=\"false\" placeholder=\"Code Postale *\" value=\"\" type=\"text\" name=\"your-PostalCode\" \/><\/span>\n<\/p>\n<p><span class=\"wpcf7-form-control-wrap\" data-name=\"your-email\"><input size=\"25\" maxlength=\"400\" class=\"wpcf7-form-control wpcf7-email wpcf7-validates-as-required wpcf7-text wpcf7-validates-as-email\" aria-required=\"true\" aria-invalid=\"false\" placeholder=\"Courriel *\" value=\"\" type=\"email\" name=\"your-email\" \/><\/span>\n<\/p>\n<p><span class=\"wpcf7-form-control-wrap\" data-name=\"home-tel\"><input size=\"25\" maxlength=\"400\" class=\"wpcf7-form-control wpcf7-tel wpcf7-text wpcf7-validates-as-tel\" aria-invalid=\"false\" placeholder=\"T\u00e9l \u00e0 la maison\" value=\"\" type=\"tel\" name=\"home-tel\" \/><\/span>\n<\/p>\n<p><span class=\"wpcf7-form-control-wrap\" data-name=\"mobile-tel\"><input size=\"25\" maxlength=\"400\" class=\"wpcf7-form-control wpcf7-tel wpcf7-text wpcf7-validates-as-tel\" aria-invalid=\"false\" placeholder=\"T\u00e9l cellulaire\" value=\"\" type=\"tel\" name=\"mobile-tel\" \/><\/span>\n<\/p>\n<h2>Comp\u00e9tences et poste d\u00e9sir\u00e9<br \/>\n<\/h2>\n<pre>Langues :   <span class=\"wpcf7-form-control-wrap\" data-name=\"checkbox-971\"><span class=\"wpcf7-form-control wpcf7-checkbox\"><span class=\"wpcf7-list-item first\"><input type=\"checkbox\" name=\"checkbox-971[]\" value=\"Fran\u00e7ais\" \/><span class=\"wpcf7-list-item-label\">Fran\u00e7ais<\/span><\/span><span class=\"wpcf7-list-item last\"><input type=\"checkbox\" name=\"checkbox-971[]\" value=\"Anglais\" \/><span class=\"wpcf7-list-item-label\">Anglais<\/span><\/span><\/span><\/span>\n<\/pre>\n<pre>Poste souhait\u00e9 : \n \n<span class=\"wpcf7-form-control-wrap\" data-name=\"menu-184\"><select class=\"wpcf7-form-control wpcf7-select\" aria-invalid=\"false\" name=\"menu-184\"><option value=\"Consultant\">Consultant<\/option><option value=\"Plein temps\">Plein temps<\/option><option value=\"Temps partiel\">Temps partiel<\/option><option value=\"Stage\">Stage<\/option><\/select><\/span>\n<\/pre>\n<p><span class=\"wpcf7-form-control-wrap\" data-name=\"textarea-111\"><textarea cols=\"22\" rows=\"2\" maxlength=\"2000\" class=\"wpcf7-form-control wpcf7-textarea\" aria-invalid=\"false\" placeholder=\"Dipl\u00f4mes\" name=\"textarea-111\"><\/textarea><\/span>\n<\/p>\n<pre>Langages de pogrammation :\n \n<span class=\"wpcf7-form-control-wrap\" data-name=\"checkbox-736\"><span class=\"wpcf7-form-control wpcf7-checkbox\"><span class=\"wpcf7-list-item first\"><input type=\"checkbox\" name=\"checkbox-736[]\" value=\"HTML5\" \/><span class=\"wpcf7-list-item-label\">HTML5<\/span><\/span><span class=\"wpcf7-list-item\"><input type=\"checkbox\" name=\"checkbox-736[]\" value=\"PHP\" \/><span class=\"wpcf7-list-item-label\">PHP<\/span><\/span><span class=\"wpcf7-list-item last\"><input type=\"checkbox\" name=\"checkbox-736[]\" value=\".NET\" \/><span class=\"wpcf7-list-item-label\">.NET<\/span><\/span><\/span><\/span>\n<\/pre>\n<pre>Bases de donn\u00e9es :\n \n<span class=\"wpcf7-form-control-wrap\" data-name=\"checkbox-183\"><span class=\"wpcf7-form-control wpcf7-checkbox\"><span class=\"wpcf7-list-item first\"><input type=\"checkbox\" name=\"checkbox-183[]\" value=\"MySQL\" \/><span class=\"wpcf7-list-item-label\">MySQL<\/span><\/span><span class=\"wpcf7-list-item\"><input type=\"checkbox\" name=\"checkbox-183[]\" value=\"SQL Srv\" \/><span class=\"wpcf7-list-item-label\">SQL Srv<\/span><\/span><span class=\"wpcf7-list-item\"><input type=\"checkbox\" name=\"checkbox-183[]\" value=\"Oracle\" \/><span class=\"wpcf7-list-item-label\">Oracle<\/span><\/span><span class=\"wpcf7-list-item last\"><input type=\"checkbox\" name=\"checkbox-183[]\" value=\"DB2\" \/><span class=\"wpcf7-list-item-label\">DB2<\/span><\/span><\/span><\/span>\n<\/pre>\n<pre>Design graphique :\n \n<span class=\"wpcf7-form-control-wrap\" data-name=\"checkbox-729\"><span class=\"wpcf7-form-control wpcf7-checkbox\"><span class=\"wpcf7-list-item first\"><input type=\"checkbox\" name=\"checkbox-729[]\" value=\"Photoshop\" \/><span class=\"wpcf7-list-item-label\">Photoshop<\/span><\/span><span class=\"wpcf7-list-item last\"><input type=\"checkbox\" name=\"checkbox-729[]\" value=\"Illustrator\" \/><span class=\"wpcf7-list-item-label\">Illustrator<\/span><\/span><\/span><\/span>\n<\/pre>\n<pre>Technologies applications mobiles:\n \n<span class=\"wpcf7-form-control-wrap\" data-name=\"checkbox-677\"><span class=\"wpcf7-form-control wpcf7-checkbox\"><span class=\"wpcf7-list-item first\"><input type=\"checkbox\" name=\"checkbox-677[]\" value=\"iPhone\" \/><span class=\"wpcf7-list-item-label\">iPhone<\/span><\/span><span class=\"wpcf7-list-item last\"><input type=\"checkbox\" name=\"checkbox-677[]\" value=\"Android\" \/><span class=\"wpcf7-list-item-label\">Android<\/span><\/span><\/span><\/span>\n<\/pre>\n<h2>Exp\u00e9rience: les 3 derniers projets<br \/>\n<\/h2>\n<h3>Projet n\u00b0 1<br \/>\n<\/h3>\n<p><span class=\"wpcf7-form-control-wrap\" data-name=\"text-305\"><input size=\"25\" maxlength=\"400\" class=\"wpcf7-form-control wpcf7-text\" aria-invalid=\"false\" placeholder=\"Soci\u00e9t\u00e9\" value=\"\" type=\"text\" name=\"text-305\" \/><\/span>\n<\/p>\n<p><span class=\"wpcf7-form-control-wrap\" data-name=\"textarea-755\"><textarea cols=\"22\" rows=\"2\" maxlength=\"2000\" class=\"wpcf7-form-control wpcf7-textarea\" aria-invalid=\"false\" placeholder=\"Description du projet\" name=\"textarea-755\"><\/textarea><\/span>\n<\/p>\n<pre>Dur\u00e9e du projet (en mois) : \n \n<span class=\"wpcf7-form-control-wrap\" data-name=\"number-89\"><input class=\"wpcf7-form-control wpcf7-number wpcf7-validates-as-number\" aria-invalid=\"false\" value=\"\" type=\"number\" name=\"number-89\" \/><\/span>\n<\/pre>\n<p><span class=\"wpcf7-form-control-wrap\" data-name=\"text-884\"><input size=\"25\" maxlength=\"400\" class=\"wpcf7-form-control wpcf7-text\" aria-invalid=\"false\" placeholder=\"Nom du responsable\" value=\"\" type=\"text\" name=\"text-884\" \/><\/span>\n<\/p>\n<h3>Projet n\u00b0 2<br \/>\n<\/h3>\n<p><span class=\"wpcf7-form-control-wrap\" data-name=\"text-350\"><input size=\"25\" maxlength=\"400\" class=\"wpcf7-form-control wpcf7-text\" aria-invalid=\"false\" placeholder=\"Soci\u00e9t\u00e9\" value=\"\" type=\"text\" name=\"text-350\" \/><\/span>\n<\/p>\n<p><span class=\"wpcf7-form-control-wrap\" data-name=\"textarea-650\"><textarea cols=\"22\" rows=\"2\" maxlength=\"2000\" class=\"wpcf7-form-control wpcf7-textarea\" aria-invalid=\"false\" placeholder=\"Description du projet\" name=\"textarea-650\"><\/textarea><\/span>\n<\/p>\n<pre>Dur\u00e9e du projet (en mois) : \n\n<span class=\"wpcf7-form-control-wrap\" data-name=\"number-445\"><input class=\"wpcf7-form-control wpcf7-number wpcf7-validates-as-number\" aria-invalid=\"false\" value=\"\" type=\"number\" name=\"number-445\" \/><\/span>\n<\/pre>\n<p><span class=\"wpcf7-form-control-wrap\" data-name=\"text-493\"><input size=\"25\" maxlength=\"400\" class=\"wpcf7-form-control wpcf7-text\" aria-invalid=\"false\" placeholder=\"Nom du responsable\" value=\"\" type=\"text\" name=\"text-493\" \/><\/span>\n<\/p>\n<h3>Projet n\u00b0 3<br \/>\n<\/h3>\n<p><span class=\"wpcf7-form-control-wrap\" data-name=\"text-611\"><input size=\"25\" maxlength=\"400\" class=\"wpcf7-form-control wpcf7-text\" aria-invalid=\"false\" placeholder=\"Soci\u00e9t\u00e9\" value=\"\" type=\"text\" name=\"text-611\" \/><\/span>\n<\/p>\n<p><span class=\"wpcf7-form-control-wrap\" data-name=\"textarea-945\"><textarea cols=\"22\" rows=\"2\" maxlength=\"2000\" class=\"wpcf7-form-control wpcf7-textarea\" aria-invalid=\"false\" placeholder=\"Description du projet\" name=\"textarea-945\"><\/textarea><\/span>\n<\/p>\n<pre>Dur\u00e9e du projet (en mois) : \n\n<span class=\"wpcf7-form-control-wrap\" data-name=\"number-896\"><input class=\"wpcf7-form-control wpcf7-number wpcf7-validates-as-number\" aria-invalid=\"false\" value=\"\" type=\"number\" name=\"number-896\" \/><\/span>\n<\/pre>\n<p><span class=\"wpcf7-form-control-wrap\" data-name=\"text-932\"><input size=\"25\" maxlength=\"400\" class=\"wpcf7-form-control wpcf7-text\" aria-invalid=\"false\" placeholder=\"Nom du responsable\" value=\"\" type=\"text\" name=\"text-932\" \/><\/span>\n<\/p>\n<p>Je certifie que les informations fournies ci-dessus sont v\u00e9ridiques et exactes *\n<\/p>\n<p><span class=\"wpcf7-form-control-wrap\" data-name=\"acceptance-43\"><span class=\"wpcf7-form-control wpcf7-acceptance\"><span class=\"wpcf7-list-item\"><input type=\"checkbox\" name=\"acceptance-43\" value=\"1\" aria-invalid=\"false\" \/><\/span><\/span><\/span>\n<\/p>\n<p><input type=\"hidden\" name=\"_wpcf7_captcha_challenge_captcha-251\" value=\"1581741569\" \/><img loading=\"lazy\" decoding=\"async\" class=\"wpcf7-form-control wpcf7-captchac wpcf7-captcha-captcha-251\" width=\"84\" height=\"28\" alt=\"captcha\" src=\"http:\/\/namadij.com\/fr\/wp-content\/uploads\/wpcf7_captcha\/1581741569.png\" \/><br \/>\n<span class=\"wpcf7-form-control-wrap\" data-name=\"captcha-251\"><input size=\"10\" class=\"wpcf7-form-control wpcf7-captchar\" autocomplete=\"off\" aria-invalid=\"false\" value=\"\" type=\"text\" name=\"captcha-251\" \/><\/span>\n<\/p>\n<p><input class=\"wpcf7-form-control wpcf7-submit has-spinner d01\" type=\"submit\" value=\"Je soumets mon application\" \/>\n<\/p>\n<div class=\"wpcf7-response-output\" aria-hidden=\"true\"><\/div>\n<\/form>\n<\/div>\n<\/div>\n<div class=\"clear\"><\/div>\n","protected":false},"excerpt":{"rendered":"","protected":false},"author":1,"featured_media":0,"parent":0,"menu_order":0,"comment_status":"open","ping_status":"open","template":"","meta":{"footnotes":""},"class_list":["post-10609","page","type-page","status-publish","hentry"],"aioseo_notices":[],"_links":{"self":[{"href":"http:\/\/namadij.com\/fr\/wp-json\/wp\/v2\/pages\/10609","targetHints":{"allow":["GET"]}}],"collection":[{"href":"http:\/\/namadij.com\/fr\/wp-json\/wp\/v2\/pages"}],"about":[{"href":"http:\/\/namadij.com\/fr\/wp-json\/wp\/v2\/types\/page"}],"author":[{"embeddable":true,"href":"http:\/\/namadij.com\/fr\/wp-json\/wp\/v2\/users\/1"}],"replies":[{"embeddable":true,"href":"http:\/\/namadij.com\/fr\/wp-json\/wp\/v2\/comments?post=10609"}],"version-history":[{"count":37,"href":"http:\/\/namadij.com\/fr\/wp-json\/wp\/v2\/pages\/10609\/revisions"}],"predecessor-version":[{"id":10798,"href":"http:\/\/namadij.com\/fr\/wp-json\/wp\/v2\/pages\/10609\/revisions\/10798"}],"wp:attachment":[{"href":"http:\/\/namadij.com\/fr\/wp-json\/wp\/v2\/media?parent=10609"}],"curies":[{"name":"wp","href":"https:\/\/api.w.org\/{rel}","templated":true}]}}